{"id":5326,"date":"2023-06-29T10:36:06","date_gmt":"2023-06-29T10:36:06","guid":{"rendered":"https:\/\/casutadinvale.ro\/?page_id=5326"},"modified":"2023-06-29T11:23:07","modified_gmt":"2023-06-29T11:23:07","slug":"oradea-pe-roti","status":"publish","type":"page","link":"https:\/\/casutadinvale.ro\/en\/oradea-pe-roti\/","title":{"rendered":"Oradea pe ro\u021bi"},"content":{"rendered":"<div data-elementor-type=\"wp-page\" data-elementor-id=\"5326\" class=\"elementor elementor-5326\" data-elementor-post-type=\"page\">\n\t\t\t\t\t\t<section class=\"elementor-section elementor-top-section elementor-element elementor-element-b2d1e8b elementor-section-full_width elementor-section-stretched elementor-reverse-mobile elementor-section-height-default elementor-section-height-default\" data-id=\"b2d1e8b\" data-element_type=\"section\" data-e-type=\"section\" data-settings=\"{&quot;stretch_section&quot;:&quot;section-stretched&quot;,&quot;background_background&quot;:&quot;slideshow&quot;,&quot;background_slideshow_gallery&quot;:[],&quot;background_slideshow_loop&quot;:&quot;yes&quot;,&quot;background_slideshow_slide_duration&quot;:5000,&quot;background_slideshow_slide_transition&quot;:&quot;fade&quot;,&quot;background_slideshow_transition_duration&quot;:500}\">\n\t\t\t\t\t\t<div class=\"elementor-container elementor-column-gap-default\">\n\t\t\t\t\t<div class=\"elementor-column elementor-col-50 elementor-top-column elementor-element elementor-element-3c8da54\" data-id=\"3c8da54\" data-element_type=\"column\" data-e-type=\"column\" data-settings=\"{&quot;background_background&quot;:&quot;classic&quot;}\">\n\t\t\t<div class=\"elementor-widget-wrap elementor-element-populated\">\n\t\t\t\t\t\t<div class=\"elementor-element elementor-element-03d1c4b elementor-widget elementor-widget-heading\" data-id=\"03d1c4b\" data-element_type=\"widget\" data-e-type=\"widget\" data-widget_type=\"heading.default\">\n\t\t\t\t<div class=\"elementor-widget-container\">\n\t\t\t\t\t<h2 class=\"elementor-heading-title elementor-size-default\">Oradea pe ro\u021bi<\/h2>\t\t\t\t<\/div>\n\t\t\t\t<\/div>\n\t\t\t\t<div class=\"elementor-element elementor-element-933655b elementor-align-left elementor-widget elementor-widget-button\" data-id=\"933655b\" data-element_type=\"widget\" data-e-type=\"widget\" data-widget_type=\"button.default\">\n\t\t\t\t<div class=\"elementor-widget-container\">\n\t\t\t\t\t\t\t\t\t<div class=\"elementor-button-wrapper\">\n\t\t\t\t\t<a class=\"elementor-button elementor-button-link elementor-size-sm\" href=\"#explore\">\n\t\t\t\t\t\t<span class=\"elementor-button-content-wrapper\">\n\t\t\t\t\t\t\t\t\t<span class=\"elementor-button-text\">Hai la pedalat<\/span>\n\t\t\t\t\t<\/span>\n\t\t\t\t\t<\/a>\n\t\t\t\t<\/div>\n\t\t\t\t\t\t\t\t<\/div>\n\t\t\t\t<\/div>\n\t\t\t\t<div class=\"elementor-element elementor-element-eee44a1 elementor-widget elementor-widget-text-editor\" data-id=\"eee44a1\" data-element_type=\"widget\" data-e-type=\"widget\" data-widget_type=\"text-editor.default\">\n\t\t\t\t<div class=\"elementor-widget-container\">\n\t\t\t\t\t\t\t\t\t<p>foto: Unsplash<\/p>\t\t\t\t\t\t\t\t<\/div>\n\t\t\t\t<\/div>\n\t\t\t\t\t<\/div>\n\t\t<\/div>\n\t\t\t\t<div class=\"elementor-column elementor-col-50 elementor-top-column elementor-element elementor-element-4299e12\" data-id=\"4299e12\" data-element_type=\"column\" data-e-type=\"column\" data-settings=\"{&quot;background_background&quot;:&quot;slideshow&quot;,&quot;background_slideshow_gallery&quot;:[{&quot;id&quot;:5327,&quot;url&quot;:&quot;https:\\\/\\\/casutadinvale.ro\\\/wp-content\\\/uploads\\\/2023\\\/06\\\/tobias-cornille-ZPpC98Vus3k-unsplash.jpg&quot;},{&quot;id&quot;:5328,&quot;url&quot;:&quot;https:\\\/\\\/casutadinvale.ro\\\/wp-content\\\/uploads\\\/2023\\\/06\\\/heybike-DrQN1IUokV8-unsplash-scaled.jpg&quot;},{&quot;id&quot;:5329,&quot;url&quot;:&quot;https:\\\/\\\/casutadinvale.ro\\\/wp-content\\\/uploads\\\/2023\\\/06\\\/umit-yildirim-m9FBEtUTRXY-unsplash-scaled.jpg&quot;}],&quot;background_slideshow_loop&quot;:&quot;yes&quot;,&quot;background_slideshow_slide_duration&quot;:5000,&quot;background_slideshow_slide_transition&quot;:&quot;fade&quot;,&quot;background_slideshow_transition_duration&quot;:500}\">\n\t\t\t<div class=\"elementor-widget-wrap elementor-element-populated\">\n\t\t\t\t\t\t<div class=\"elementor-element elementor-element-74ce7a5 elementor-widget elementor-widget-spacer\" data-id=\"74ce7a5\" data-element_type=\"widget\" data-e-type=\"widget\" data-widget_type=\"spacer.default\">\n\t\t\t\t<div class=\"elementor-widget-container\">\n\t\t\t\t\t\t\t<div class=\"elementor-spacer\">\n\t\t\t<div class=\"elementor-spacer-inner\"><\/div>\n\t\t<\/div>\n\t\t\t\t\t\t<\/div>\n\t\t\t\t<\/div>\n\t\t\t\t\t<\/div>\n\t\t<\/div>\n\t\t\t\t\t<\/div>\n\t\t<\/section>\n\t\t\t\t<section class=\"elementor-section elementor-top-section elementor-element elementor-element-c2a0e88 elementor-hidden-desktop elementor-hidden-tablet elementor-section-boxed elementor-section-height-default elementor-section-height-default\" data-id=\"c2a0e88\" data-element_type=\"section\" data-e-type=\"section\" id=\"more\">\n\t\t\t\t\t\t<div class=\"elementor-container elementor-column-gap-default\">\n\t\t\t\t\t<div class=\"elementor-column elementor-col-100 elementor-top-column elementor-element elementor-element-8689c3a\" data-id=\"8689c3a\" data-element_type=\"column\" data-e-type=\"column\">\n\t\t\t<div class=\"elementor-widget-wrap elementor-element-populated\">\n\t\t\t\t\t\t<div class=\"elementor-element elementor-element-1343c8b elementor-widget elementor-widget-heading\" data-id=\"1343c8b\" data-element_type=\"widget\" data-e-type=\"widget\" data-widget_type=\"heading.default\">\n\t\t\t\t<div class=\"elementor-widget-container\">\n\t\t\t\t\t<h2 class=\"elementor-heading-title elementor-size-default\">\u00eenchiriere de biciclete<\/h2>\t\t\t\t<\/div>\n\t\t\t\t<\/div>\n\t\t\t\t\t<\/div>\n\t\t<\/div>\n\t\t\t\t\t<\/div>\n\t\t<\/section>\n\t\t\t\t<section class=\"elementor-section elementor-top-section elementor-element elementor-element-f45fd68 elementor-section-boxed elementor-section-height-default elementor-section-height-default\" data-id=\"f45fd68\" data-element_type=\"section\" data-e-type=\"section\" id=\"explore\">\n\t\t\t\t\t\t<div class=\"elementor-container elementor-column-gap-default\">\n\t\t\t\t\t<div class=\"elementor-column elementor-col-50 elementor-top-column elementor-element elementor-element-9cae6df\" data-id=\"9cae6df\" data-element_type=\"column\" data-e-type=\"column\" data-settings=\"{&quot;background_background&quot;:&quot;classic&quot;}\">\n\t\t\t<div class=\"elementor-widget-wrap elementor-element-populated\">\n\t\t\t\t\t\t<div class=\"elementor-element elementor-element-8014ae0 elementor-widget elementor-widget-spacer\" data-id=\"8014ae0\" data-element_type=\"widget\" data-e-type=\"widget\" data-widget_type=\"spacer.default\">\n\t\t\t\t<div class=\"elementor-widget-container\">\n\t\t\t\t\t\t\t<div class=\"elementor-spacer\">\n\t\t\t<div class=\"elementor-spacer-inner\"><\/div>\n\t\t<\/div>\n\t\t\t\t\t\t<\/div>\n\t\t\t\t<\/div>\n\t\t\t\t\t<\/div>\n\t\t<\/div>\n\t\t\t\t<div class=\"elementor-column elementor-col-50 elementor-top-column elementor-element elementor-element-06c6cad\" data-id=\"06c6cad\" data-element_type=\"column\" data-e-type=\"column\">\n\t\t\t<div class=\"elementor-widget-wrap elementor-element-populated\">\n\t\t\t\t\t\t<div class=\"elementor-element elementor-element-d7ee6ab elementor-hidden-mobile elementor-widget elementor-widget-heading\" data-id=\"d7ee6ab\" data-element_type=\"widget\" data-e-type=\"widget\" data-widget_type=\"heading.default\">\n\t\t\t\t<div class=\"elementor-widget-container\">\n\t\t\t\t\t<h2 class=\"elementor-heading-title elementor-size-default\">\u00eenchiriere de biciclete<\/h2>\t\t\t\t<\/div>\n\t\t\t\t<\/div>\n\t\t\t\t<div class=\"elementor-element elementor-element-444494e elementor-widget elementor-widget-text-editor\" data-id=\"444494e\" data-element_type=\"widget\" data-e-type=\"widget\" data-widget_type=\"text-editor.default\">\n\t\t\t\t<div class=\"elementor-widget-container\">\n\t\t\t\t\t\t\t\t\t<p>Punem la dispozi\u021bie clien\u021bilor no\u0219tri servicii de \u00eenchiriere de biciclete de la loca\u021bia noastr\u0103, pe o durat\u0103 minim\u0103 de o zi. Pre\u021bul\/biciclet\u0103\/zi este cuprins <strong>\u00eentre 50 \u0219i 80 lei<\/strong>, \u00een func\u021bie de tipul acesteia.\u00a0<\/p><p>La cerere, acest serviciu poate fi combinat cu serviciul de <span style=\"text-decoration: underline;\"><a href=\"https:\/\/casutadinvale.ro\/en\/descopera-oradea\/#explore\">tururi ghidate<\/a><\/span>, printr-un <strong>tur ghidat pe biciclet\u0103<\/strong>.<\/p>\t\t\t\t\t\t\t\t<\/div>\n\t\t\t\t<\/div>\n\t\t\t\t\t<\/div>\n\t\t<\/div>\n\t\t\t\t\t<\/div>\n\t\t<\/section>\n\t\t\t\t<\/div>","protected":false},"excerpt":{"rendered":"<p>Oradea pe ro\u021bi Hai la pedalat foto: Unsplash \u00eenchiriere de biciclete \u00eenchiriere de biciclete Punem la dispozi\u021bie clien\u021bilor no\u0219tri servicii de \u00eenchiriere de biciclete de la loca\u021bia noastr\u0103, pe o durat\u0103 minim\u0103 de o zi. Pre\u021bul\/biciclet\u0103\/zi este cuprins \u00eentre 50 \u0219i 80 lei, \u00een func\u021bie de tipul acesteia.\u00a0 La cerere, acest serviciu poate fi combinat [&hellip;]<\/p>","protected":false},"author":1,"featured_media":5118,"parent":0,"menu_order":0,"comment_status":"closed","ping_status":"closed","template":"elementor_header_footer","meta":{"site-sidebar-layout":"no-sidebar","site-content-layout":"page-builder","ast-site-content-layout":"default","site-content-style":"default","site-sidebar-style":"default","ast-global-header-display":"","ast-banner-title-visibility":"","ast-main-header-display":"","ast-hfb-above-header-display":"","ast-hfb-below-header-display":"","ast-hfb-mobile-header-display":"","site-post-title":"disabled","ast-breadcrumbs-content":"","ast-featured-img":"disabled","footer-sml-layout":"","ast-disable-related-posts":"","theme-transparent-header-meta":"","adv-header-id-meta":"","stick-header-meta":"","header-above-stick-meta":"","header-main-stick-meta":"","header-below-stick-meta":"","astra-migrate-meta-layouts":"default","ast-page-background-enabled":"default","ast-page-background-meta":{"desktop":{"background-color":"var(--ast-global-color-4)","background-image":"","background-repeat":"repeat","background-position":"center center","background-size":"auto","background-attachment":"scroll","background-type":"","background-media":"","overlay-type":"","overlay-color":"","overlay-opacity":"","overlay-gradient":""},"tablet":{"background-color":"","background-image":"","background-repeat":"repeat","background-position":"center center","background-size":"auto","background-attachment":"scroll","background-type":"","background-media":"","overlay-type":"","overlay-color":"","overlay-opacity":"","overlay-gradient":""},"mobile":{"background-color":"","background-image":"","background-repeat":"repeat","background-position":"center center","background-size":"auto","background-attachment":"scroll","background-type":"","background-media":"","overlay-type":"","overlay-color":"","overlay-opacity":"","overlay-gradient":""}},"ast-content-background-meta":{"desktop":{"background-color":"var(--ast-global-color-5)","background-image":"","background-repeat":"repeat","background-position":"center center","background-size":"auto","background-attachment":"scroll","background-type":"","background-media":"","overlay-type":"","overlay-color":"","overlay-opacity":"","overlay-gradient":""},"tablet":{"background-color":"var(--ast-global-color-5)","background-image":"","background-repeat":"repeat","background-position":"center center","background-size":"auto","background-attachment":"scroll","background-type":"","background-media":"","overlay-type":"","overlay-color":"","overlay-opacity":"","overlay-gradient":""},"mobile":{"background-color":"var(--ast-global-color-5)","background-image":"","background-repeat":"repeat","background-position":"center center","background-size":"auto","background-attachment":"scroll","background-type":"","background-media":"","overlay-type":"","overlay-color":"","overlay-opacity":"","overlay-gradient":""}},"footnotes":""},"class_list":["post-5326","page","type-page","status-publish","has-post-thumbnail","hentry"],"yoast_head":"<!-- This site is optimized with the Yoast SEO plugin v27.5 - https:\/\/yoast.com\/product\/yoast-seo-wordpress\/ -->\n<title>Oradea pe ro\u021bi - C\u0103su\u021ba din Vale<\/title>\n<meta name=\"description\" content=\"Descoper\u0103 ce obiective turistice se ascund \u00een Oradea \u0219i \u00eemprejurimi la doar c\u00e2\u021biva pa\u0219i de cazarea noastr\u0103, C\u0103su\u021ba din Vale.\" \/>\n<meta name=\"robots\" content=\"index, follow, max-snippet:-1, max-image-preview:large, max-video-preview:-1\" \/>\n<link rel=\"canonical\" href=\"https:\/\/casutadinvale.ro\/en\/oradea-pe-roti\/\" \/>\n<meta property=\"og:locale\" content=\"en_GB\" \/>\n<meta property=\"og:type\" content=\"article\" \/>\n<meta property=\"og:title\" content=\"Oradea pe ro\u021bi - C\u0103su\u021ba din Vale\" \/>\n<meta property=\"og:description\" content=\"Descoper\u0103 ce obiective turistice se ascund \u00een Oradea \u0219i \u00eemprejurimi la doar c\u00e2\u021biva pa\u0219i de cazarea noastr\u0103, C\u0103su\u021ba din Vale.\" \/>\n<meta property=\"og:url\" content=\"https:\/\/casutadinvale.ro\/en\/oradea-pe-roti\/\" \/>\n<meta property=\"og:site_name\" content=\"C\u0103su\u021ba din Vale\" \/>\n<meta property=\"article:publisher\" content=\"https:\/\/www.facebook.com\/profile.php?id=100085345475036\" \/>\n<meta property=\"article:modified_time\" content=\"2023-06-29T11:23:07+00:00\" \/>\n<meta property=\"og:image\" content=\"https:\/\/casutadinvale.ro\/wp-content\/uploads\/2022\/10\/Discoteca-2-e1666914491391.jpg\" \/>\n\t<meta property=\"og:image:width\" content=\"787\" \/>\n\t<meta property=\"og:image:height\" content=\"625\" \/>\n\t<meta property=\"og:image:type\" content=\"image\/jpeg\" \/>\n<meta name=\"twitter:card\" content=\"summary_large_image\" \/>\n<meta name=\"twitter:label1\" content=\"Estimated reading time\" \/>\n\t<meta name=\"twitter:data1\" content=\"1 minute\" \/>\n<script type=\"application\/ld+json\" class=\"yoast-schema-graph\">{\"@context\":\"https:\\\/\\\/schema.org\",\"@graph\":[{\"@type\":\"WebPage\",\"@id\":\"https:\\\/\\\/casutadinvale.ro\\\/oradea-pe-roti\\\/\",\"url\":\"https:\\\/\\\/casutadinvale.ro\\\/oradea-pe-roti\\\/\",\"name\":\"Oradea pe ro\u021bi - C\u0103su\u021ba din Vale\",\"isPartOf\":{\"@id\":\"https:\\\/\\\/casutadinvale.ro\\\/#website\"},\"primaryImageOfPage\":{\"@id\":\"https:\\\/\\\/casutadinvale.ro\\\/oradea-pe-roti\\\/#primaryimage\"},\"image\":{\"@id\":\"https:\\\/\\\/casutadinvale.ro\\\/oradea-pe-roti\\\/#primaryimage\"},\"thumbnailUrl\":\"https:\\\/\\\/casutadinvale.ro\\\/wp-content\\\/uploads\\\/2022\\\/10\\\/Discoteca-2-e1666914491391.jpg\",\"datePublished\":\"2023-06-29T10:36:06+00:00\",\"dateModified\":\"2023-06-29T11:23:07+00:00\",\"description\":\"Descoper\u0103 ce obiective turistice se ascund \u00een Oradea \u0219i \u00eemprejurimi la doar c\u00e2\u021biva pa\u0219i de cazarea noastr\u0103, C\u0103su\u021ba din Vale.\",\"breadcrumb\":{\"@id\":\"https:\\\/\\\/casutadinvale.ro\\\/oradea-pe-roti\\\/#breadcrumb\"},\"inLanguage\":\"en-GB\",\"potentialAction\":[{\"@type\":\"ReadAction\",\"target\":[\"https:\\\/\\\/casutadinvale.ro\\\/oradea-pe-roti\\\/\"]}]},{\"@type\":\"ImageObject\",\"inLanguage\":\"en-GB\",\"@id\":\"https:\\\/\\\/casutadinvale.ro\\\/oradea-pe-roti\\\/#primaryimage\",\"url\":\"https:\\\/\\\/casutadinvale.ro\\\/wp-content\\\/uploads\\\/2022\\\/10\\\/Discoteca-2-e1666914491391.jpg\",\"contentUrl\":\"https:\\\/\\\/casutadinvale.ro\\\/wp-content\\\/uploads\\\/2022\\\/10\\\/Discoteca-2-e1666914491391.jpg\",\"width\":787,\"height\":625},{\"@type\":\"BreadcrumbList\",\"@id\":\"https:\\\/\\\/casutadinvale.ro\\\/oradea-pe-roti\\\/#breadcrumb\",\"itemListElement\":[{\"@type\":\"ListItem\",\"position\":1,\"name\":\"Home\",\"item\":\"https:\\\/\\\/casutadinvale.ro\\\/\"},{\"@type\":\"ListItem\",\"position\":2,\"name\":\"Oradea pe ro\u021bi\"}]},{\"@type\":\"WebSite\",\"@id\":\"https:\\\/\\\/casutadinvale.ro\\\/#website\",\"url\":\"https:\\\/\\\/casutadinvale.ro\\\/\",\"name\":\"C\u0103su\u021ba din Vale - Cazare Oradea\",\"description\":\"\",\"publisher\":{\"@id\":\"https:\\\/\\\/casutadinvale.ro\\\/#organization\"},\"alternateName\":\"C\u0103su\u021ba din Vale\",\"potentialAction\":[{\"@type\":\"SearchAction\",\"target\":{\"@type\":\"EntryPoint\",\"urlTemplate\":\"https:\\\/\\\/casutadinvale.ro\\\/?s={search_term_string}\"},\"query-input\":{\"@type\":\"PropertyValueSpecification\",\"valueRequired\":true,\"valueName\":\"search_term_string\"}}],\"inLanguage\":\"en-GB\"},{\"@type\":\"Organization\",\"@id\":\"https:\\\/\\\/casutadinvale.ro\\\/#organization\",\"name\":\"C\u0103su\u021ba din Vale - Cazare Oradea\",\"alternateName\":\"C\u0103su\u021ba din Vale\",\"url\":\"https:\\\/\\\/casutadinvale.ro\\\/\",\"logo\":{\"@type\":\"ImageObject\",\"inLanguage\":\"en-GB\",\"@id\":\"https:\\\/\\\/casutadinvale.ro\\\/#\\\/schema\\\/logo\\\/image\\\/\",\"url\":\"https:\\\/\\\/casutadinvale.ro\\\/wp-content\\\/uploads\\\/2022\\\/09\\\/cropped-CDV_icon_color.png\",\"contentUrl\":\"https:\\\/\\\/casutadinvale.ro\\\/wp-content\\\/uploads\\\/2022\\\/09\\\/cropped-CDV_icon_color.png\",\"width\":2142,\"height\":1227,\"caption\":\"C\u0103su\u021ba din Vale - Cazare Oradea\"},\"image\":{\"@id\":\"https:\\\/\\\/casutadinvale.ro\\\/#\\\/schema\\\/logo\\\/image\\\/\"},\"sameAs\":[\"https:\\\/\\\/www.facebook.com\\\/profile.php?id=100085345475036\"]}]}<\/script>\n<!-- \/ Yoast SEO plugin. -->","yoast_head_json":{"title":"Oradea pe ro\u021bi - C\u0103su\u021ba din Vale","description":"Descoper\u0103 ce obiective turistice se ascund \u00een Oradea \u0219i \u00eemprejurimi la doar c\u00e2\u021biva pa\u0219i de cazarea noastr\u0103, C\u0103su\u021ba din Vale.","robots":{"index":"index","follow":"follow","max-snippet":"max-snippet:-1","max-image-preview":"max-image-preview:large","max-video-preview":"max-video-preview:-1"},"canonical":"https:\/\/casutadinvale.ro\/en\/oradea-pe-roti\/","og_locale":"en_GB","og_type":"article","og_title":"Oradea pe ro\u021bi - C\u0103su\u021ba din Vale","og_description":"Descoper\u0103 ce obiective turistice se ascund \u00een Oradea \u0219i \u00eemprejurimi la doar c\u00e2\u021biva pa\u0219i de cazarea noastr\u0103, C\u0103su\u021ba din Vale.","og_url":"https:\/\/casutadinvale.ro\/en\/oradea-pe-roti\/","og_site_name":"C\u0103su\u021ba din Vale","article_publisher":"https:\/\/www.facebook.com\/profile.php?id=100085345475036","article_modified_time":"2023-06-29T11:23:07+00:00","og_image":[{"width":787,"height":625,"url":"https:\/\/casutadinvale.ro\/wp-content\/uploads\/2022\/10\/Discoteca-2-e1666914491391.jpg","type":"image\/jpeg"}],"twitter_card":"summary_large_image","twitter_misc":{"Estimated reading time":"1 minute"},"schema":{"@context":"https:\/\/schema.org","@graph":[{"@type":"WebPage","@id":"https:\/\/casutadinvale.ro\/oradea-pe-roti\/","url":"https:\/\/casutadinvale.ro\/oradea-pe-roti\/","name":"Oradea pe ro\u021bi - C\u0103su\u021ba din Vale","isPartOf":{"@id":"https:\/\/casutadinvale.ro\/#website"},"primaryImageOfPage":{"@id":"https:\/\/casutadinvale.ro\/oradea-pe-roti\/#primaryimage"},"image":{"@id":"https:\/\/casutadinvale.ro\/oradea-pe-roti\/#primaryimage"},"thumbnailUrl":"https:\/\/casutadinvale.ro\/wp-content\/uploads\/2022\/10\/Discoteca-2-e1666914491391.jpg","datePublished":"2023-06-29T10:36:06+00:00","dateModified":"2023-06-29T11:23:07+00:00","description":"Descoper\u0103 ce obiective turistice se ascund \u00een Oradea \u0219i \u00eemprejurimi la doar c\u00e2\u021biva pa\u0219i de cazarea noastr\u0103, C\u0103su\u021ba din Vale.","breadcrumb":{"@id":"https:\/\/casutadinvale.ro\/oradea-pe-roti\/#breadcrumb"},"inLanguage":"en-GB","potentialAction":[{"@type":"ReadAction","target":["https:\/\/casutadinvale.ro\/oradea-pe-roti\/"]}]},{"@type":"ImageObject","inLanguage":"en-GB","@id":"https:\/\/casutadinvale.ro\/oradea-pe-roti\/#primaryimage","url":"https:\/\/casutadinvale.ro\/wp-content\/uploads\/2022\/10\/Discoteca-2-e1666914491391.jpg","contentUrl":"https:\/\/casutadinvale.ro\/wp-content\/uploads\/2022\/10\/Discoteca-2-e1666914491391.jpg","width":787,"height":625},{"@type":"BreadcrumbList","@id":"https:\/\/casutadinvale.ro\/oradea-pe-roti\/#breadcrumb","itemListElement":[{"@type":"ListItem","position":1,"name":"Home","item":"https:\/\/casutadinvale.ro\/"},{"@type":"ListItem","position":2,"name":"Oradea pe ro\u021bi"}]},{"@type":"WebSite","@id":"https:\/\/casutadinvale.ro\/#website","url":"https:\/\/casutadinvale.ro\/","name":"C\u0103su\u021ba din Vale - Cazare Oradea","description":"","publisher":{"@id":"https:\/\/casutadinvale.ro\/#organization"},"alternateName":"C\u0103su\u021ba din Vale","potentialAction":[{"@type":"SearchAction","target":{"@type":"EntryPoint","urlTemplate":"https:\/\/casutadinvale.ro\/?s={search_term_string}"},"query-input":{"@type":"PropertyValueSpecification","valueRequired":true,"valueName":"search_term_string"}}],"inLanguage":"en-GB"},{"@type":"Organization","@id":"https:\/\/casutadinvale.ro\/#organization","name":"C\u0103su\u021ba din Vale - Cazare Oradea","alternateName":"C\u0103su\u021ba din Vale","url":"https:\/\/casutadinvale.ro\/","logo":{"@type":"ImageObject","inLanguage":"en-GB","@id":"https:\/\/casutadinvale.ro\/#\/schema\/logo\/image\/","url":"https:\/\/casutadinvale.ro\/wp-content\/uploads\/2022\/09\/cropped-CDV_icon_color.png","contentUrl":"https:\/\/casutadinvale.ro\/wp-content\/uploads\/2022\/09\/cropped-CDV_icon_color.png","width":2142,"height":1227,"caption":"C\u0103su\u021ba din Vale - Cazare Oradea"},"image":{"@id":"https:\/\/casutadinvale.ro\/#\/schema\/logo\/image\/"},"sameAs":["https:\/\/www.facebook.com\/profile.php?id=100085345475036"]}]}},"_links":{"self":[{"href":"https:\/\/casutadinvale.ro\/en\/wp-json\/wp\/v2\/pages\/5326","targetHints":{"allow":["GET"]}}],"collection":[{"href":"https:\/\/casutadinvale.ro\/en\/wp-json\/wp\/v2\/pages"}],"about":[{"href":"https:\/\/casutadinvale.ro\/en\/wp-json\/wp\/v2\/types\/page"}],"author":[{"embeddable":true,"href":"https:\/\/casutadinvale.ro\/en\/wp-json\/wp\/v2\/users\/1"}],"replies":[{"embeddable":true,"href":"https:\/\/casutadinvale.ro\/en\/wp-json\/wp\/v2\/comments?post=5326"}],"version-history":[{"count":18,"href":"https:\/\/casutadinvale.ro\/en\/wp-json\/wp\/v2\/pages\/5326\/revisions"}],"predecessor-version":[{"id":5401,"href":"https:\/\/casutadinvale.ro\/en\/wp-json\/wp\/v2\/pages\/5326\/revisions\/5401"}],"wp:featuredmedia":[{"embeddable":true,"href":"https:\/\/casutadinvale.ro\/en\/wp-json\/wp\/v2\/media\/5118"}],"wp:attachment":[{"href":"https:\/\/casutadinvale.ro\/en\/wp-json\/wp\/v2\/media?parent=5326"}],"curies":[{"name":"wp","href":"https:\/\/api.w.org\/{rel}","templated":true}]}}