{"id":5036,"date":"2022-10-26T12:58:29","date_gmt":"2022-10-26T12:58:29","guid":{"rendered":"https:\/\/casutadinvale.ro\/?page_id=5036"},"modified":"2022-10-26T13:12:46","modified_gmt":"2022-10-26T13:12:46","slug":"termeni-si-conditii","status":"publish","type":"page","link":"http:\/\/casutadinvale.ro\/en\/termeni-si-conditii\/","title":{"rendered":"Terms and conditions"},"content":{"rendered":"<div data-elementor-type=\"wp-page\" data-elementor-id=\"5036\" class=\"elementor elementor-5036\" data-elementor-post-type=\"page\">\n\t\t\t\t\t\t<section class=\"elementor-section elementor-top-section elementor-element elementor-element-b123df9 elementor-section-boxed elementor-section-height-default elementor-section-height-default\" data-id=\"b123df9\" data-element_type=\"section\" data-e-type=\"section\">\n\t\t\t\t\t\t<div class=\"elementor-container elementor-column-gap-default\">\n\t\t\t\t\t<div class=\"elementor-column elementor-col-100 elementor-top-column elementor-element elementor-element-e32fdfb\" data-id=\"e32fdfb\" data-element_type=\"column\" data-e-type=\"column\">\n\t\t\t<div class=\"elementor-widget-wrap elementor-element-populated\">\n\t\t\t\t\t\t<div class=\"elementor-element elementor-element-d51f659 elementor-widget elementor-widget-heading\" data-id=\"d51f659\" data-element_type=\"widget\" data-e-type=\"widget\" data-widget_type=\"heading.default\">\n\t\t\t\t<div class=\"elementor-widget-container\">\n\t\t\t\t\t<h2 class=\"elementor-heading-title elementor-size-default\">Termeni \u0219i condi\u021bii privind utilizarea <br>website-ului www.casutadinvale.ro<\/h2>\t\t\t\t<\/div>\n\t\t\t\t<\/div>\n\t\t\t\t\t<\/div>\n\t\t<\/div>\n\t\t\t\t\t<\/div>\n\t\t<\/section>\n\t\t\t\t<section class=\"elementor-section elementor-top-section elementor-element elementor-element-e60a114 elementor-section-boxed elementor-section-height-default elementor-section-height-default\" data-id=\"e60a114\" data-element_type=\"section\" data-e-type=\"section\">\n\t\t\t\t\t\t<div class=\"elementor-container elementor-column-gap-default\">\n\t\t\t\t\t<div class=\"elementor-column elementor-col-100 elementor-top-column elementor-element elementor-element-6a07172\" data-id=\"6a07172\" data-element_type=\"column\" data-e-type=\"column\">\n\t\t\t<div class=\"elementor-widget-wrap elementor-element-populated\">\n\t\t\t\t\t\t<div class=\"elementor-element elementor-element-f0263ae elementor-widget elementor-widget-text-editor\" data-id=\"f0263ae\" data-element_type=\"widget\" data-e-type=\"widget\" data-widget_type=\"text-editor.default\">\n\t\t\t\t<div class=\"elementor-widget-container\">\n\t\t\t\t\t\t\t\t\t<p>Romanian version available only. Please use a third party app (e.g. Google Translate) for the translation.<\/p>\t\t\t\t\t\t\t\t<\/div>\n\t\t\t\t<\/div>\n\t\t\t\t<div class=\"elementor-element elementor-element-3dcfb2f elementor-widget elementor-widget-text-editor\" data-id=\"3dcfb2f\" data-element_type=\"widget\" data-e-type=\"widget\" data-widget_type=\"text-editor.default\">\n\t\t\t\t<div class=\"elementor-widget-container\">\n\t\t\t\t\t\t\t\t\t<p>1. PREZENTARE \u0218I DEFINI\u0162II<\/p><p>Site-ul https:\/\/casutadinvale.ro\/ se afl\u0103 \u00een folosin\u021ba Societ\u0103\u021bii SOLARFOCUS SRL, persoan\u0103 juridic\u0103 rom\u00e2n\u0103, cu sediul social \u00een jud. Bihor, Sat S\u00e2nnicolau Rom\u00e2n, nr. 202, \u00eenregistrat\u0103 la Oficiul Registrului Comer\u021bului sub nr. J05\/322\/2007,<br \/>cod fiscal 20999769, societate denumit\u0103 \u00een cele de urmeaz\u0103, \u00een mod generic de\u021bin\u0103torul site-ului sau compania.<\/p><p>Site-ul https:\/\/casutadinvale.ro\/ prezint\u0103 serviciile \u0219i produsele de turism ale companiei noastre. Totodat\u0103, prin intermediul site-ului se asigur\u0103 posibilitatea de abonare \u00een vedere primirii de inform\u0103ri periodice (newsletter), precum \u0219i servicii de \u00eenscriere a participan\u021bilor la diverse evenimente organizate de c\u0103tre companie, servicii supuse acestor termeni, \u00een cazul \u00een care nu vor fi stipulate condi\u021bii speciale pentru<br \/>fiecare caz \u00een parte.<\/p><p>Urm\u0103torii termeni vor fi defini\u021bi dup\u0103 cum urmeaz\u0103:<\/p><p>Utilizator \u2013 orice persoan\u0103 care acceseaz\u0103 site-ul sau care se va putea \u00eenregistra la un moment dat pe site, fiind interesat\u0103 de activitatea https:\/\/casutadinvale.ro\/ care se aboneaz\u0103 \u00een vederea primirii de inform\u0103ri periodice (newsletter)<br \/>sau se \u00eenscrie ca participant la evenimente organizate de c\u0103tre companie \u0219i care se oblig\u0103 implicit s\u0103 respectate prezentul set de reguli, fiind r\u0103spunz\u0103tor pentru ac\u021biunile sale pe site;<\/p><p>Serviciu \u2013 furnizarea c\u0103tre utilizator a accesului la platforma prin intermediul c\u0103reia se poate abona \u00een vedere primirii de inform\u0103ri periodice (newsletter) sau se poate \u00eenscriere ca participant la evenimente organizate de c\u0103tre companie.<\/p><p>2. \u00ceNREGISTRAREA UTILIZATORULUI<\/p><p>Pentru accesarea site-ului, respectiv sec\u021biunile de prezentare, nu este necesar\u0103 \u00eenregistrarea utilizatorilor.<\/p><p>\u00cenregistrarea utilizatorului este obligatorie numai \u00een cazul \u00een care acesta se \u00eenscrie pentru primirea periodic\u0103 a newsletter-ului sau pentru efectuarea unei rezerv\u0103ri.<\/p><p>Pentru a beneficia de aceste servicii oferite de https:\/\/casutadinvale.ro\/, v\u0103 obliga\u021bi \u0219i garanta\u021bi urm\u0103toarele:<\/p><p>1) furniza\u021bi date reale, exacte \u0219i complete despre utilizator, astfel cum se solicit\u0103 prin formularul de \u00eenregistrare al site-ului;<\/p><p>2) men\u021bine\u021bi sau actualiza\u021bi datele de \u00eenregistrare care au suferit modific\u0103ri pentru ca acestea s\u0103 fie conforme realit\u0103\u021bii, exacte \u0219i complete.<\/p><p>De\u021bin\u0103torul site-ului \u00ee\u0219i rezerv\u0103 dreptul (nu \u0219i obliga\u021bia) de a verifica corectitudinea datelor de \u00eenregistrare ale utilizatorilor. \u00cen cazul \u00een care se constat\u0103 c\u0103 informa\u021biile puse la dispozi\u021bie de utilizator sunt inexacte, de\u021bin\u0103torul<br \/>site-ului \u00ee\u0219i rezerv\u0103 dreptul de a refuza utilizatorului accesarea serviciilor oferite pe site, precum \u0219i \u00eenscrierea \u0219i participarea la evenimentele organizate.<\/p><p>Prin accesarea site-ului \u0219i a Serviciilor puse la dispozi\u021bie, Utilizatorul garanteaz\u0103 c\u0103 ofer\u0103 de\u021bin\u0103torului site-ului date corecte fiind unicul responsabil pentru informa\u021biile furnizate.<\/p><p>3. OBLIGA\u0162IILE UTILIZATORULUI. PROPRIETATE INTELECTUAL\u0102<\/p><p>Utilizarea site-ului este permis\u0103 pentru utilizarea cu bun\u0103 \u2013 credin\u021b\u0103, pentru ob\u021binerea de informa\u021bii \u0219i pentru folosirea serviciilor men\u021bionate la art. 1 de mai sus.<\/p><p>Reprezent\u0103rile stilizate, crea\u021bia grafic\u0103, logo-urile \u0219i simbolurile asociate \u0219i combina\u021bii ale acestora cu oricare cuv\u00e2nt sau simbol grafic, fotografiile, materialele audio \u2013 video, con\u021binutul folosite pe acest site, sunt proprietatea<br \/>SOLARFOCUS SRL sau aceast\u0103 companie a dob\u00e2ndit dreptul de a le utiliza. Fac excep\u021bie informa\u021biile \u0219i elementele grafice \u00eenregistrate de utilizatori, precum \u0219i semnele grafice apar\u021bin\u00e2nd altor entit\u0103\u021bi.<\/p><p>Niciun utilizator al site-ului nu poate prelua con\u021binutul site-ului, nu poate interveni, modifica sau \u0219terge con\u021binutul acestuia (textul, imaginile, logourile etc.). Orice \u00eenc\u0103lcare a acestei reguli reprezint\u0103 o \u00eenc\u0103lcare a drepturilor<br \/>de autor, de marc\u0103 sau orice alt drept de proprietate intelectual\u0103.<\/p><p>Nu sunt permise copierea, multiplicarea, distribuirea, arhivarea sau p\u0103strarea, prin orice mijloace, a materialelor existente efectuate \u00een scopuri comerciale.<\/p><p>\u00cen cazul \u00een care \u00een cadrul site-ului exist\u0103 sec\u021biuni \u00een care utilizatorii pot insera comentarii \u0219i pot exprima opinii personale, imagini sau alte elemente susceptibile a fi protejate de drepturi de proprietate intelectual\u0103, r\u0103spunderea<br \/>privind con\u021binutul acestora le revine in exclusivitate utilizatorilor \u00een cauz\u0103.<\/p><p>4. MODIFICARILE SERVICIULUI<\/p><p>De\u021bin\u0103torul acestui site \u00ee\u0219i rezerv\u0103 dreptul de a modifica sau \u00eentrerupe, temporar sau permanent func\u021bionarea acestuia sau serviciile puse la dispozi\u021bie (\u00een totalitate sau numai \u00een parte). \u00cen acest caz, de\u021bin\u0103torul nu este r\u0103spunz\u0103tor<br \/>pentru orice modificare, suspendare sau \u00eentrerupere a accesului la site \u0219i la serviciile disponibile prin intermediul acestuia.<\/p><p>5. R\u0102SPUNDERE<\/p><p>Utilizatorul declar\u0103 \u00een mod expres c\u0103 accept\u0103 urm\u0103toarele condi\u021bii:<\/p><p>Utilizarea serviciilor puse la dispozi\u021bie pe site se face pe propria sa r\u0103spundere.<\/p><p>De\u021bin\u0103torul site-ului nu ofer\u0103 nici o garan\u021bie c\u0103:<\/p><p>serviciile \u00eemplinesc toate cerin\u021bele utilizatorilor;<\/p><p>serviciile vor fi ne\u00eentrerupte, la timp, sigure sau f\u0103r\u0103 erori;<\/p><p>erorile de program vor fi corectate.<\/p><p>6. LIMITELE R\u0102SPUNDERII<\/p><p>Utilizatorul accept\u0103 \u00een mod expres c\u0103 administratorii site-ului nu vor fi r\u0103spunz\u0103tori pentru nici un fel de daune sau prejudicii directe, indirecte, accidentale, speciale, inclusiv, dar nu limitat la prejudicii prin pierdere de profit,<br \/>posibilitatea de folosire, date sau alte pierderi intangibile sau incomensurabile, rezult\u00e2nd din:<\/p><p>\u2013 utilizarea sau imposibilitatea utiliz\u0103rii serviciilor https:\/\/casutadinvale.ro\/ ;<\/p><p>\u2013 acces neautorizat la sau deteriorarea transmisiilor sau datelor Utilizatorului;<\/p><p>\u2013 declara\u021bii sau ac\u021biuni ale unei ter\u021be p\u0103r\u021bi asupra site-ului;<\/p><p>\u2013 orice alt\u0103 problem\u0103 legat\u0103 de serviciile site-ului.<\/p><p>7. NOTIFIC\u0102RI \u015eI COMUNIC\u0102RI<\/p><p>De\u021bin\u0103torii site-ului pot transmite notific\u0103ri privind schimbarea Termenilor de Utilizare sau alte chestiuni prin afi\u0219area de \u00een\u0219tiin\u021b\u0103ri c\u0103tre utilizatori \u00een mod general, pe site.<\/p><p>8. FOR\u0162A MAJOR\u0102<\/p><p>De\u021bin\u0103torul https:\/\/casutadinvale.ro\/ nu este obligat a se conforma obliga\u021biilor prev\u0103zute \u00een Termenii de Utilizare, ca urmare a unei cauze aflate \u00een afara controlului s\u0103u, incluz\u00e2nd dar nelimit\u00e2ndu-se la evenimente fortuite, condi\u021bii<br \/>meteorologice nefavorabile, alte ac\u021biuni sau inac\u021biuni de care administratorii site-ului nu sunt responsabili.<\/p><p>9. LEGEA APLICABIL\u0102<\/p><p>Prin accesarea acestui site web, Utilizatorul accept\u0103 ca acest contract \u0219i orice disput\u0103 legat\u0103 de el sunt guvernate \u0219i interpretate \u00een concordan\u021b\u0103 cu legile rom\u00e2ne, iar Utilizatorul admite s\u0103 se supun\u0103 jurisdic\u021biei exclusive a instan\u021belor<br \/>judec\u0103tore\u0219ti rom\u00e2ne competente.<\/p><p>https:\/\/casutadinvale.ro\/ nu ofer\u0103 garan\u021bia c\u0103 con\u021binutul acestui site se supune legilor (inclusiv celor de proprietate intelectual\u0103) altor tari in afara Rom\u00e2niei. Dac\u0103 Utilizatorul acceseaz\u0103 acest site din afara Rom\u00e2niei, o face<br \/>pe riscul s\u0103u \u0219i este singur responsabil de respectarea legilor \u021b\u0103rii \u00een care se afl\u0103.<\/p><p>10. CLAUZE FINALE<\/p><p>Termenii de fa\u021b\u0103 reglementeaz\u0103 accesul utilizatorilor pe site-ul https:\/\/casutadinvale.ro\/ . \u00cen cazul \u00een care, ulterior lans\u0103rii site-ului, vor fi implementate servicii suplimentare puse la dispozi\u021bie pe site, aceste servicii vor<br \/>fi supuse acelora\u0219i reguli \u0219i condi\u021bii cuprinse \u00een prezentele clauze, \u00een cazul \u00een care acestea nu vor beneficia de condi\u021bii distincte de prezentele.<\/p><p>Prin accesarea acestui site accepta\u021bi condi\u021biile de mai sus \u0219i sunte\u021bi de acord c\u0103 acesta are valoare unui contract, acceptat in mod tacit, intre utilizator si administratorii site-ului. \u00cen cazul \u00een care nu dori\u021bi s\u0103 respecta\u021bi regulile<br \/>descrise mai sus, v\u0103 rug\u0103m s\u0103 nu folosi\u021bi serviciile puse la dispozi\u021bie de acest site.<\/p>\t\t\t\t\t\t\t\t<\/div>\n\t\t\t\t<\/div>\n\t\t\t\t\t<\/div>\n\t\t<\/div>\n\t\t\t\t\t<\/div>\n\t\t<\/section>\n\t\t\t\t<\/div>","protected":false},"excerpt":{"rendered":"<p>Termeni \u0219i condi\u021bii privind utilizarea website-ului www.casutadinvale.ro Romanian version available only. Please use a third party app (e.g. Google Translate) for the translation. 1. PREZENTARE \u0218I DEFINI\u0162II Site-ul https:\/\/casutadinvale.ro\/ se afl\u0103 \u00een folosin\u021ba Societ\u0103\u021bii SOLARFOCUS SRL, persoan\u0103 juridic\u0103 rom\u00e2n\u0103, cu sediul social \u00een jud. Bihor, Sat S\u00e2nnicolau Rom\u00e2n, nr. 202, \u00eenregistrat\u0103 la Oficiul Registrului Comer\u021bului [&hellip;]<\/p>","protected":false},"author":1,"featured_media":0,"parent":0,"menu_order":0,"comment_status":"closed","ping_status":"closed","template":"elementor_header_footer","meta":{"site-sidebar-layout":"no-sidebar","site-content-layout":"page-builder","ast-site-content-layout":"default","site-content-style":"default","site-sidebar-style":"default","ast-global-header-display":"","ast-banner-title-visibility":"","ast-main-header-display":"","ast-hfb-above-header-display":"","ast-hfb-below-header-display":"","ast-hfb-mobile-header-display":"","site-post-title":"disabled","ast-breadcrumbs-content":"","ast-featured-img":"disabled","footer-sml-layout":"","ast-disable-related-posts":"","theme-transparent-header-meta":"","adv-header-id-meta":"","stick-header-meta":"","header-above-stick-meta":"","header-main-stick-meta":"","header-below-stick-meta":"","astra-migrate-meta-layouts":"default","ast-page-background-enabled":"default","ast-page-background-meta":{"desktop":{"background-color":"var(--ast-global-color-4)","background-image":"","background-repeat":"repeat","background-position":"center center","background-size":"auto","background-attachment":"scroll","background-type":"","background-media":"","overlay-type":"","overlay-color":"","overlay-opacity":"","overlay-gradient":""},"tablet":{"background-color":"","background-image":"","background-repeat":"repeat","background-position":"center center","background-size":"auto","background-attachment":"scroll","background-type":"","background-media":"","overlay-type":"","overlay-color":"","overlay-opacity":"","overlay-gradient":""},"mobile":{"background-color":"","background-image":"","background-repeat":"repeat","background-position":"center center","background-size":"auto","background-attachment":"scroll","background-type":"","background-media":"","overlay-type":"","overlay-color":"","overlay-opacity":"","overlay-gradient":""}},"ast-content-background-meta":{"desktop":{"background-color":"var(--ast-global-color-5)","background-image":"","background-repeat":"repeat","background-position":"center center","background-size":"auto","background-attachment":"scroll","background-type":"","background-media":"","overlay-type":"","overlay-color":"","overlay-opacity":"","overlay-gradient":""},"tablet":{"background-color":"var(--ast-global-color-5)","background-image":"","background-repeat":"repeat","background-position":"center center","background-size":"auto","background-attachment":"scroll","background-type":"","background-media":"","overlay-type":"","overlay-color":"","overlay-opacity":"","overlay-gradient":""},"mobile":{"background-color":"var(--ast-global-color-5)","background-image":"","background-repeat":"repeat","background-position":"center center","background-size":"auto","background-attachment":"scroll","background-type":"","background-media":"","overlay-type":"","overlay-color":"","overlay-opacity":"","overlay-gradient":""}},"footnotes":""},"class_list":["post-5036","page","type-page","status-publish","hentry"],"yoast_head":"<!-- This site is optimized with the Yoast SEO plugin v27.4 - https:\/\/yoast.com\/product\/yoast-seo-wordpress\/ -->\n<title>Termeni \u0219i condi\u021bii - C\u0103su\u021ba din Vale<\/title>\n<meta name=\"robots\" content=\"index, follow, max-snippet:-1, max-image-preview:large, max-video-preview:-1\" \/>\n<link rel=\"canonical\" href=\"https:\/\/casutadinvale.ro\/en\/termeni-si-conditii\/\" \/>\n<meta property=\"og:locale\" content=\"en_GB\" \/>\n<meta property=\"og:type\" content=\"article\" \/>\n<meta property=\"og:title\" content=\"Termeni \u0219i condi\u021bii - C\u0103su\u021ba din Vale\" \/>\n<meta property=\"og:description\" content=\"Termeni \u0219i condi\u021bii privind utilizarea website-ului www.casutadinvale.ro Romanian version available only. Please use a third party app (e.g. Google Translate) for the translation. 1. PREZENTARE \u0218I DEFINI\u0162II Site-ul https:\/\/casutadinvale.ro\/ se afl\u0103 \u00een folosin\u021ba Societ\u0103\u021bii SOLARFOCUS SRL, persoan\u0103 juridic\u0103 rom\u00e2n\u0103, cu sediul social \u00een jud. Bihor, Sat S\u00e2nnicolau Rom\u00e2n, nr. 202, \u00eenregistrat\u0103 la Oficiul Registrului Comer\u021bului [&hellip;]\" \/>\n<meta property=\"og:url\" content=\"https:\/\/casutadinvale.ro\/en\/termeni-si-conditii\/\" \/>\n<meta property=\"og:site_name\" content=\"C\u0103su\u021ba din Vale\" \/>\n<meta property=\"article:publisher\" content=\"https:\/\/www.facebook.com\/profile.php?id=100085345475036\" \/>\n<meta property=\"article:modified_time\" content=\"2022-10-26T13:12:46+00:00\" \/>\n<meta name=\"twitter:card\" content=\"summary_large_image\" \/>\n<meta name=\"twitter:label1\" content=\"Estimated reading time\" \/>\n\t<meta name=\"twitter:data1\" content=\"6 minutes\" \/>\n<script type=\"application\/ld+json\" class=\"yoast-schema-graph\">{\"@context\":\"https:\\\/\\\/schema.org\",\"@graph\":[{\"@type\":\"WebPage\",\"@id\":\"https:\\\/\\\/casutadinvale.ro\\\/termeni-si-conditii\\\/\",\"url\":\"https:\\\/\\\/casutadinvale.ro\\\/termeni-si-conditii\\\/\",\"name\":\"Termeni \u0219i condi\u021bii - C\u0103su\u021ba din Vale\",\"isPartOf\":{\"@id\":\"https:\\\/\\\/casutadinvale.ro\\\/#website\"},\"datePublished\":\"2022-10-26T12:58:29+00:00\",\"dateModified\":\"2022-10-26T13:12:46+00:00\",\"breadcrumb\":{\"@id\":\"https:\\\/\\\/casutadinvale.ro\\\/termeni-si-conditii\\\/#breadcrumb\"},\"inLanguage\":\"en-GB\",\"potentialAction\":[{\"@type\":\"ReadAction\",\"target\":[\"https:\\\/\\\/casutadinvale.ro\\\/termeni-si-conditii\\\/\"]}]},{\"@type\":\"BreadcrumbList\",\"@id\":\"https:\\\/\\\/casutadinvale.ro\\\/termeni-si-conditii\\\/#breadcrumb\",\"itemListElement\":[{\"@type\":\"ListItem\",\"position\":1,\"name\":\"Home\",\"item\":\"https:\\\/\\\/casutadinvale.ro\\\/\"},{\"@type\":\"ListItem\",\"position\":2,\"name\":\"Termeni \u0219i condi\u021bii\"}]},{\"@type\":\"WebSite\",\"@id\":\"https:\\\/\\\/casutadinvale.ro\\\/#website\",\"url\":\"https:\\\/\\\/casutadinvale.ro\\\/\",\"name\":\"C\u0103su\u021ba din Vale - Cazare Oradea\",\"description\":\"\",\"publisher\":{\"@id\":\"https:\\\/\\\/casutadinvale.ro\\\/#organization\"},\"alternateName\":\"C\u0103su\u021ba din Vale\",\"potentialAction\":[{\"@type\":\"SearchAction\",\"target\":{\"@type\":\"EntryPoint\",\"urlTemplate\":\"https:\\\/\\\/casutadinvale.ro\\\/?s={search_term_string}\"},\"query-input\":{\"@type\":\"PropertyValueSpecification\",\"valueRequired\":true,\"valueName\":\"search_term_string\"}}],\"inLanguage\":\"en-GB\"},{\"@type\":\"Organization\",\"@id\":\"https:\\\/\\\/casutadinvale.ro\\\/#organization\",\"name\":\"C\u0103su\u021ba din Vale - Cazare Oradea\",\"alternateName\":\"C\u0103su\u021ba din Vale\",\"url\":\"https:\\\/\\\/casutadinvale.ro\\\/\",\"logo\":{\"@type\":\"ImageObject\",\"inLanguage\":\"en-GB\",\"@id\":\"https:\\\/\\\/casutadinvale.ro\\\/#\\\/schema\\\/logo\\\/image\\\/\",\"url\":\"https:\\\/\\\/casutadinvale.ro\\\/wp-content\\\/uploads\\\/2022\\\/09\\\/cropped-CDV_icon_color.png\",\"contentUrl\":\"https:\\\/\\\/casutadinvale.ro\\\/wp-content\\\/uploads\\\/2022\\\/09\\\/cropped-CDV_icon_color.png\",\"width\":2142,\"height\":1227,\"caption\":\"C\u0103su\u021ba din Vale - Cazare Oradea\"},\"image\":{\"@id\":\"https:\\\/\\\/casutadinvale.ro\\\/#\\\/schema\\\/logo\\\/image\\\/\"},\"sameAs\":[\"https:\\\/\\\/www.facebook.com\\\/profile.php?id=100085345475036\"]}]}<\/script>\n<!-- \/ Yoast SEO plugin. -->","yoast_head_json":{"title":"Termeni \u0219i condi\u021bii - C\u0103su\u021ba din Vale","robots":{"index":"index","follow":"follow","max-snippet":"max-snippet:-1","max-image-preview":"max-image-preview:large","max-video-preview":"max-video-preview:-1"},"canonical":"https:\/\/casutadinvale.ro\/en\/termeni-si-conditii\/","og_locale":"en_GB","og_type":"article","og_title":"Termeni \u0219i condi\u021bii - C\u0103su\u021ba din Vale","og_description":"Termeni \u0219i condi\u021bii privind utilizarea website-ului www.casutadinvale.ro Romanian version available only. Please use a third party app (e.g. Google Translate) for the translation. 1. PREZENTARE \u0218I DEFINI\u0162II Site-ul https:\/\/casutadinvale.ro\/ se afl\u0103 \u00een folosin\u021ba Societ\u0103\u021bii SOLARFOCUS SRL, persoan\u0103 juridic\u0103 rom\u00e2n\u0103, cu sediul social \u00een jud. Bihor, Sat S\u00e2nnicolau Rom\u00e2n, nr. 202, \u00eenregistrat\u0103 la Oficiul Registrului Comer\u021bului [&hellip;]","og_url":"https:\/\/casutadinvale.ro\/en\/termeni-si-conditii\/","og_site_name":"C\u0103su\u021ba din Vale","article_publisher":"https:\/\/www.facebook.com\/profile.php?id=100085345475036","article_modified_time":"2022-10-26T13:12:46+00:00","twitter_card":"summary_large_image","twitter_misc":{"Estimated reading time":"6 minutes"},"schema":{"@context":"https:\/\/schema.org","@graph":[{"@type":"WebPage","@id":"https:\/\/casutadinvale.ro\/termeni-si-conditii\/","url":"https:\/\/casutadinvale.ro\/termeni-si-conditii\/","name":"Termeni \u0219i condi\u021bii - C\u0103su\u021ba din Vale","isPartOf":{"@id":"https:\/\/casutadinvale.ro\/#website"},"datePublished":"2022-10-26T12:58:29+00:00","dateModified":"2022-10-26T13:12:46+00:00","breadcrumb":{"@id":"https:\/\/casutadinvale.ro\/termeni-si-conditii\/#breadcrumb"},"inLanguage":"en-GB","potentialAction":[{"@type":"ReadAction","target":["https:\/\/casutadinvale.ro\/termeni-si-conditii\/"]}]},{"@type":"BreadcrumbList","@id":"https:\/\/casutadinvale.ro\/termeni-si-conditii\/#breadcrumb","itemListElement":[{"@type":"ListItem","position":1,"name":"Home","item":"https:\/\/casutadinvale.ro\/"},{"@type":"ListItem","position":2,"name":"Termeni \u0219i condi\u021bii"}]},{"@type":"WebSite","@id":"https:\/\/casutadinvale.ro\/#website","url":"https:\/\/casutadinvale.ro\/","name":"C\u0103su\u021ba din Vale - Cazare Oradea","description":"","publisher":{"@id":"https:\/\/casutadinvale.ro\/#organization"},"alternateName":"C\u0103su\u021ba din Vale","potentialAction":[{"@type":"SearchAction","target":{"@type":"EntryPoint","urlTemplate":"https:\/\/casutadinvale.ro\/?s={search_term_string}"},"query-input":{"@type":"PropertyValueSpecification","valueRequired":true,"valueName":"search_term_string"}}],"inLanguage":"en-GB"},{"@type":"Organization","@id":"https:\/\/casutadinvale.ro\/#organization","name":"C\u0103su\u021ba din Vale - Cazare Oradea","alternateName":"C\u0103su\u021ba din Vale","url":"https:\/\/casutadinvale.ro\/","logo":{"@type":"ImageObject","inLanguage":"en-GB","@id":"https:\/\/casutadinvale.ro\/#\/schema\/logo\/image\/","url":"https:\/\/casutadinvale.ro\/wp-content\/uploads\/2022\/09\/cropped-CDV_icon_color.png","contentUrl":"https:\/\/casutadinvale.ro\/wp-content\/uploads\/2022\/09\/cropped-CDV_icon_color.png","width":2142,"height":1227,"caption":"C\u0103su\u021ba din Vale - Cazare Oradea"},"image":{"@id":"https:\/\/casutadinvale.ro\/#\/schema\/logo\/image\/"},"sameAs":["https:\/\/www.facebook.com\/profile.php?id=100085345475036"]}]}},"_links":{"self":[{"href":"http:\/\/casutadinvale.ro\/en\/wp-json\/wp\/v2\/pages\/5036","targetHints":{"allow":["GET"]}}],"collection":[{"href":"http:\/\/casutadinvale.ro\/en\/wp-json\/wp\/v2\/pages"}],"about":[{"href":"http:\/\/casutadinvale.ro\/en\/wp-json\/wp\/v2\/types\/page"}],"author":[{"embeddable":true,"href":"http:\/\/casutadinvale.ro\/en\/wp-json\/wp\/v2\/users\/1"}],"replies":[{"embeddable":true,"href":"http:\/\/casutadinvale.ro\/en\/wp-json\/wp\/v2\/comments?post=5036"}],"version-history":[{"count":13,"href":"http:\/\/casutadinvale.ro\/en\/wp-json\/wp\/v2\/pages\/5036\/revisions"}],"predecessor-version":[{"id":5058,"href":"http:\/\/casutadinvale.ro\/en\/wp-json\/wp\/v2\/pages\/5036\/revisions\/5058"}],"wp:attachment":[{"href":"http:\/\/casutadinvale.ro\/en\/wp-json\/wp\/v2\/media?parent=5036"}],"curies":[{"name":"wp","href":"https:\/\/api.w.org\/{rel}","templated":true}]}}