{"id":4067,"date":"2019-05-25T03:43:03","date_gmt":"2019-05-25T03:43:03","guid":{"rendered":"http:\/\/sailing.thimpress.com\/elementor05\/?page_id=4067"},"modified":"2022-11-11T11:18:11","modified_gmt":"2022-11-11T11:18:11","slug":"contact","status":"publish","type":"page","link":"http:\/\/casutadinvale.ro\/en\/contact\/","title":{"rendered":"Contact"},"content":{"rendered":"<div data-elementor-type=\"wp-post\" data-elementor-id=\"4067\" class=\"elementor elementor-4067\" data-elementor-post-type=\"page\">\n\t\t\t\t\t\t<section class=\"elementor-section elementor-top-section elementor-element elementor-element-8f4af3d elementor-section-full_width elementor-section-height-min-height elementor-section-stretched elementor-section-height-default elementor-section-items-middle\" data-id=\"8f4af3d\" data-element_type=\"section\" data-e-type=\"section\" data-settings=\"{&quot;stretch_section&quot;:&quot;section-stretched&quot;,&quot;background_background&quot;:&quot;classic&quot;}\">\n\t\t\t\t\t\t<div class=\"elementor-container elementor-column-gap-default\">\n\t\t\t\t\t<div class=\"elementor-column elementor-col-100 elementor-top-column elementor-element elementor-element-2b1e450\" data-id=\"2b1e450\" data-element_type=\"column\" data-e-type=\"column\">\n\t\t\t<div class=\"elementor-widget-wrap\">\n\t\t\t\t\t\t\t<\/div>\n\t\t<\/div>\n\t\t\t\t\t<\/div>\n\t\t<\/section>\n\t\t\t\t<section class=\"elementor-section elementor-top-section elementor-element elementor-element-c098fa8 elementor-section-full_width elementor-section-stretched elementor-section-height-default elementor-section-height-default\" data-id=\"c098fa8\" data-element_type=\"section\" data-e-type=\"section\" data-settings=\"{&quot;stretch_section&quot;:&quot;section-stretched&quot;,&quot;background_background&quot;:&quot;classic&quot;}\">\n\t\t\t\t\t\t<div class=\"elementor-container elementor-column-gap-default\">\n\t\t\t\t\t<div class=\"elementor-column elementor-col-50 elementor-top-column elementor-element elementor-element-2b1d468\" data-id=\"2b1d468\" data-element_type=\"column\" data-e-type=\"column\">\n\t\t\t<div class=\"elementor-widget-wrap elementor-element-populated\">\n\t\t\t\t\t\t<div class=\"elementor-element elementor-element-ea721da elementor-widget elementor-widget-google_maps\" data-id=\"ea721da\" data-element_type=\"widget\" data-e-type=\"widget\" data-widget_type=\"google_maps.default\">\n\t\t\t\t<div class=\"elementor-widget-container\">\n\t\t\t\t\t\t\t<div class=\"elementor-custom-embed\">\n\t\t\t<iframe loading=\"lazy\"\n\t\t\t\t\tsrc=\"https:\/\/maps.google.com\/maps?q=Atacului%2020B%20Oradea&#038;t=m&#038;z=13&#038;output=embed&#038;iwloc=near\"\n\t\t\t\t\ttitle=\"Atacului 20B Oradea\"\n\t\t\t\t\taria-label=\"Atacului 20B Oradea\"\n\t\t\t><\/iframe>\n\t\t<\/div>\n\t\t\t\t\t\t<\/div>\n\t\t\t\t<\/div>\n\t\t\t\t\t<\/div>\n\t\t<\/div>\n\t\t\t\t<div class=\"elementor-column elementor-col-50 elementor-top-column elementor-element elementor-element-575f2b4\" data-id=\"575f2b4\" data-element_type=\"column\" data-e-type=\"column\">\n\t\t\t<div class=\"elementor-widget-wrap elementor-element-populated\">\n\t\t\t\t\t\t<div class=\"elementor-element elementor-element-f3eb3ed elementor-widget elementor-widget-heading\" data-id=\"f3eb3ed\" data-element_type=\"widget\" data-e-type=\"widget\" data-widget_type=\"heading.default\">\n\t\t\t\t<div class=\"elementor-widget-container\">\n\t\t\t\t\t<h2 class=\"elementor-heading-title elementor-size-default\">Contact us<\/h2>\t\t\t\t<\/div>\n\t\t\t\t<\/div>\n\t\t\t\t<div class=\"elementor-element elementor-element-4754cdf elementor-widget elementor-widget-text-editor\" data-id=\"4754cdf\" data-element_type=\"widget\" data-e-type=\"widget\" data-widget_type=\"text-editor.default\">\n\t\t\t\t<div class=\"elementor-widget-container\">\n\t\t\t\t\t\t\t\t\t<p>By phone: <strong>+40724066616<\/strong><\/p><p>On e-mail: <strong>contact@casutadinvale.ro<\/strong><\/p><p>Or leave us a message below:<\/p>\t\t\t\t\t\t\t\t<\/div>\n\t\t\t\t<\/div>\n\t\t\t\t<div class=\"elementor-element elementor-element-a0a71b9 elementor-button-align-start elementor-widget elementor-widget-form\" data-id=\"a0a71b9\" data-element_type=\"widget\" data-e-type=\"widget\" data-settings=\"{&quot;step_next_label&quot;:&quot;Next&quot;,&quot;step_previous_label&quot;:&quot;Previous&quot;,&quot;button_width&quot;:&quot;100&quot;,&quot;step_type&quot;:&quot;number_text&quot;,&quot;step_icon_shape&quot;:&quot;circle&quot;}\" data-widget_type=\"form.default\">\n\t\t\t\t<div class=\"elementor-widget-container\">\n\t\t\t\t\t\t\t<form class=\"elementor-form\" method=\"post\" name=\"New Form\" aria-label=\"New Form\">\n\t\t\t<input type=\"hidden\" name=\"post_id\" value=\"4067\"\/>\n\t\t\t<input type=\"hidden\" name=\"form_id\" value=\"a0a71b9\"\/>\n\t\t\t<input type=\"hidden\" name=\"referer_title\" value=\"Contact - C\u0103su\u021ba din Vale\" \/>\n\n\t\t\t\t\t\t\t<input type=\"hidden\" name=\"queried_id\" value=\"4067\"\/>\n\t\t\t\n\t\t\t<div class=\"elementor-form-fields-wrapper elementor-labels-above\">\n\t\t\t\t\t\t\t\t<div class=\"elementor-field-type-text elementor-field-group elementor-column elementor-field-group-name elementor-col-100 elementor-field-required\">\n\t\t\t\t\t\t\t\t\t\t\t\t\t<input size=\"1\" type=\"text\" name=\"form_fields[name]\" id=\"form-field-name\" class=\"elementor-field elementor-size-sm  elementor-field-textual\" placeholder=\"First and second name\" required=\"required\">\n\t\t\t\t\t\t\t\t\t\t\t<\/div>\n\t\t\t\t\t\t\t\t<div class=\"elementor-field-type-email elementor-field-group elementor-column elementor-field-group-email elementor-col-100 elementor-field-required\">\n\t\t\t\t\t\t\t\t\t\t\t\t\t<input size=\"1\" type=\"email\" name=\"form_fields[email]\" id=\"form-field-email\" class=\"elementor-field elementor-size-sm  elementor-field-textual\" placeholder=\"E-mail\" required=\"required\">\n\t\t\t\t\t\t\t\t\t\t\t<\/div>\n\t\t\t\t\t\t\t\t<div class=\"elementor-field-type-textarea elementor-field-group elementor-column elementor-field-group-message elementor-col-100 elementor-field-required\">\n\t\t\t\t\t<textarea class=\"elementor-field-textual elementor-field  elementor-size-sm\" name=\"form_fields[message]\" id=\"form-field-message\" rows=\"4\" placeholder=\"Message\" required=\"required\"><\/textarea>\t\t\t\t<\/div>\n\t\t\t\t\t\t\t\t<div class=\"elementor-field-group elementor-column elementor-field-type-submit elementor-col-100 e-form__buttons\">\n\t\t\t\t\t<button class=\"elementor-button elementor-size-sm\" type=\"submit\">\n\t\t\t\t\t\t<span class=\"elementor-button-content-wrapper\">\n\t\t\t\t\t\t\t\t\t\t\t\t\t\t\t\t\t\t\t\t\t\t<span class=\"elementor-button-text\">Send<\/span>\n\t\t\t\t\t\t\t\t\t\t\t\t\t<\/span>\n\t\t\t\t\t<\/button>\n\t\t\t\t<\/div>\n\t\t\t<\/div>\n\t\t<input type=\"hidden\" name=\"trp-form-language\" value=\"en\"\/><\/form>\n\t\t\t\t\t\t<\/div>\n\t\t\t\t<\/div>\n\t\t\t\t\t<\/div>\n\t\t<\/div>\n\t\t\t\t\t<\/div>\n\t\t<\/section>\n\t\t\t\t<\/div>","protected":false},"excerpt":{"rendered":"<p>Contacteaz\u0103-ne Telefonic: +40724066616 Pe e-mail: contact@casutadinvale.ro Sau las\u0103-ne un mesaj mai jos:<\/p>","protected":false},"author":1,"featured_media":4905,"parent":0,"menu_order":0,"comment_status":"closed","ping_status":"closed","template":"elementor_header_footer","meta":{"site-sidebar-layout":"default","site-content-layout":"","ast-site-content-layout":"default","site-content-style":"default","site-sidebar-style":"default","ast-global-header-display":"","ast-banner-title-visibility":"","ast-main-header-display":"","ast-hfb-above-header-display":"","ast-hfb-below-header-display":"","ast-hfb-mobile-header-display":"","site-post-title":"","ast-breadcrumbs-content":"","ast-featured-img":"","footer-sml-layout":"","ast-disable-related-posts":"","theme-transparent-header-meta":"","adv-header-id-meta":"","stick-header-meta":"","header-above-stick-meta":"","header-main-stick-meta":"","header-below-stick-meta":"","astra-migrate-meta-layouts":"default","ast-page-background-enabled":"default","ast-page-background-meta":{"desktop":{"background-color":"var(--ast-global-color-4)","background-image":"","background-repeat":"repeat","background-position":"center center","background-size":"auto","background-attachment":"scroll","background-type":"","background-media":"","overlay-type":"","overlay-color":"","overlay-opacity":"","overlay-gradient":""},"tablet":{"background-color":"","background-image":"","background-repeat":"repeat","background-position":"center center","background-size":"auto","background-attachment":"scroll","background-type":"","background-media":"","overlay-type":"","overlay-color":"","overlay-opacity":"","overlay-gradient":""},"mobile":{"background-color":"","background-image":"","background-repeat":"repeat","background-position":"center center","background-size":"auto","background-attachment":"scroll","background-type":"","background-media":"","overlay-type":"","overlay-color":"","overlay-opacity":"","overlay-gradient":""}},"ast-content-background-meta":{"desktop":{"background-color":"var(--ast-global-color-5)","background-image":"","background-repeat":"repeat","background-position":"center center","background-size":"auto","background-attachment":"scroll","background-type":"","background-media":"","overlay-type":"","overlay-color":"","overlay-opacity":"","overlay-gradient":""},"tablet":{"background-color":"var(--ast-global-color-5)","background-image":"","background-repeat":"repeat","background-position":"center center","background-size":"auto","background-attachment":"scroll","background-type":"","background-media":"","overlay-type":"","overlay-color":"","overlay-opacity":"","overlay-gradient":""},"mobile":{"background-color":"var(--ast-global-color-5)","background-image":"","background-repeat":"repeat","background-position":"center center","background-size":"auto","background-attachment":"scroll","background-type":"","background-media":"","overlay-type":"","overlay-color":"","overlay-opacity":"","overlay-gradient":""}},"footnotes":""},"class_list":["post-4067","page","type-page","status-publish","has-post-thumbnail","hentry"],"yoast_head":"<!-- This site is optimized with the Yoast SEO plugin v27.4 - https:\/\/yoast.com\/product\/yoast-seo-wordpress\/ -->\n<title>Contact - C\u0103su\u021ba din Vale<\/title>\n<meta name=\"description\" content=\"Ia leg\u0103tura cu noi pentru o cazare deosebit\u0103 \u00eentr-un ora\u0219 deosebit - date de contact C\u0103su\u021ba din Vale - Oradea.\" \/>\n<meta name=\"robots\" content=\"index, follow, max-snippet:-1, max-image-preview:large, max-video-preview:-1\" \/>\n<link rel=\"canonical\" href=\"https:\/\/casutadinvale.ro\/en\/contact\/\" \/>\n<meta property=\"og:locale\" content=\"en_GB\" \/>\n<meta property=\"og:type\" content=\"article\" \/>\n<meta property=\"og:title\" content=\"Contact - C\u0103su\u021ba din Vale\" \/>\n<meta property=\"og:description\" content=\"Ia leg\u0103tura cu noi pentru o cazare deosebit\u0103 \u00eentr-un ora\u0219 deosebit - date de contact C\u0103su\u021ba din Vale - Oradea.\" \/>\n<meta property=\"og:url\" content=\"https:\/\/casutadinvale.ro\/en\/contact\/\" \/>\n<meta property=\"og:site_name\" content=\"C\u0103su\u021ba din Vale\" \/>\n<meta property=\"article:publisher\" content=\"https:\/\/www.facebook.com\/profile.php?id=100085345475036\" \/>\n<meta property=\"article:modified_time\" content=\"2022-11-11T11:18:11+00:00\" \/>\n<meta property=\"og:image\" content=\"https:\/\/casutadinvale.ro\/wp-content\/uploads\/2022\/10\/861A7977-130-1024x683.jpg\" \/>\n\t<meta property=\"og:image:width\" content=\"1024\" \/>\n\t<meta property=\"og:image:height\" content=\"683\" \/>\n\t<meta property=\"og:image:type\" content=\"image\/jpeg\" \/>\n<meta name=\"twitter:card\" content=\"summary_large_image\" \/>\n<meta name=\"twitter:label1\" content=\"Estimated reading time\" \/>\n\t<meta name=\"twitter:data1\" content=\"1 minute\" \/>\n<script type=\"application\/ld+json\" class=\"yoast-schema-graph\">{\"@context\":\"https:\\\/\\\/schema.org\",\"@graph\":[{\"@type\":\"WebPage\",\"@id\":\"https:\\\/\\\/casutadinvale.ro\\\/contact\\\/\",\"url\":\"https:\\\/\\\/casutadinvale.ro\\\/contact\\\/\",\"name\":\"Contact - C\u0103su\u021ba din Vale\",\"isPartOf\":{\"@id\":\"https:\\\/\\\/casutadinvale.ro\\\/#website\"},\"primaryImageOfPage\":{\"@id\":\"https:\\\/\\\/casutadinvale.ro\\\/contact\\\/#primaryimage\"},\"image\":{\"@id\":\"https:\\\/\\\/casutadinvale.ro\\\/contact\\\/#primaryimage\"},\"thumbnailUrl\":\"https:\\\/\\\/casutadinvale.ro\\\/wp-content\\\/uploads\\\/2022\\\/10\\\/861A7977-130.jpg\",\"datePublished\":\"2019-05-25T03:43:03+00:00\",\"dateModified\":\"2022-11-11T11:18:11+00:00\",\"description\":\"Ia leg\u0103tura cu noi pentru o cazare deosebit\u0103 \u00eentr-un ora\u0219 deosebit - date de contact C\u0103su\u021ba din Vale - Oradea.\",\"breadcrumb\":{\"@id\":\"https:\\\/\\\/casutadinvale.ro\\\/contact\\\/#breadcrumb\"},\"inLanguage\":\"en-GB\",\"potentialAction\":[{\"@type\":\"ReadAction\",\"target\":[\"https:\\\/\\\/casutadinvale.ro\\\/contact\\\/\"]}]},{\"@type\":\"ImageObject\",\"inLanguage\":\"en-GB\",\"@id\":\"https:\\\/\\\/casutadinvale.ro\\\/contact\\\/#primaryimage\",\"url\":\"https:\\\/\\\/casutadinvale.ro\\\/wp-content\\\/uploads\\\/2022\\\/10\\\/861A7977-130.jpg\",\"contentUrl\":\"https:\\\/\\\/casutadinvale.ro\\\/wp-content\\\/uploads\\\/2022\\\/10\\\/861A7977-130.jpg\",\"width\":2121,\"height\":1414},{\"@type\":\"BreadcrumbList\",\"@id\":\"https:\\\/\\\/casutadinvale.ro\\\/contact\\\/#breadcrumb\",\"itemListElement\":[{\"@type\":\"ListItem\",\"position\":1,\"name\":\"Home\",\"item\":\"https:\\\/\\\/casutadinvale.ro\\\/\"},{\"@type\":\"ListItem\",\"position\":2,\"name\":\"Contact\"}]},{\"@type\":\"WebSite\",\"@id\":\"https:\\\/\\\/casutadinvale.ro\\\/#website\",\"url\":\"https:\\\/\\\/casutadinvale.ro\\\/\",\"name\":\"C\u0103su\u021ba din Vale - Cazare Oradea\",\"description\":\"\",\"publisher\":{\"@id\":\"https:\\\/\\\/casutadinvale.ro\\\/#organization\"},\"alternateName\":\"C\u0103su\u021ba din Vale\",\"potentialAction\":[{\"@type\":\"SearchAction\",\"target\":{\"@type\":\"EntryPoint\",\"urlTemplate\":\"https:\\\/\\\/casutadinvale.ro\\\/?s={search_term_string}\"},\"query-input\":{\"@type\":\"PropertyValueSpecification\",\"valueRequired\":true,\"valueName\":\"search_term_string\"}}],\"inLanguage\":\"en-GB\"},{\"@type\":\"Organization\",\"@id\":\"https:\\\/\\\/casutadinvale.ro\\\/#organization\",\"name\":\"C\u0103su\u021ba din Vale - Cazare Oradea\",\"alternateName\":\"C\u0103su\u021ba din Vale\",\"url\":\"https:\\\/\\\/casutadinvale.ro\\\/\",\"logo\":{\"@type\":\"ImageObject\",\"inLanguage\":\"en-GB\",\"@id\":\"https:\\\/\\\/casutadinvale.ro\\\/#\\\/schema\\\/logo\\\/image\\\/\",\"url\":\"https:\\\/\\\/casutadinvale.ro\\\/wp-content\\\/uploads\\\/2022\\\/09\\\/cropped-CDV_icon_color.png\",\"contentUrl\":\"https:\\\/\\\/casutadinvale.ro\\\/wp-content\\\/uploads\\\/2022\\\/09\\\/cropped-CDV_icon_color.png\",\"width\":2142,\"height\":1227,\"caption\":\"C\u0103su\u021ba din Vale - Cazare Oradea\"},\"image\":{\"@id\":\"https:\\\/\\\/casutadinvale.ro\\\/#\\\/schema\\\/logo\\\/image\\\/\"},\"sameAs\":[\"https:\\\/\\\/www.facebook.com\\\/profile.php?id=100085345475036\"]}]}<\/script>\n<!-- \/ Yoast SEO plugin. -->","yoast_head_json":{"title":"Contact - C\u0103su\u021ba din Vale","description":"Ia leg\u0103tura cu noi pentru o cazare deosebit\u0103 \u00eentr-un ora\u0219 deosebit - date de contact C\u0103su\u021ba din Vale - Oradea.","robots":{"index":"index","follow":"follow","max-snippet":"max-snippet:-1","max-image-preview":"max-image-preview:large","max-video-preview":"max-video-preview:-1"},"canonical":"https:\/\/casutadinvale.ro\/en\/contact\/","og_locale":"en_GB","og_type":"article","og_title":"Contact - C\u0103su\u021ba din Vale","og_description":"Ia leg\u0103tura cu noi pentru o cazare deosebit\u0103 \u00eentr-un ora\u0219 deosebit - date de contact C\u0103su\u021ba din Vale - Oradea.","og_url":"https:\/\/casutadinvale.ro\/en\/contact\/","og_site_name":"C\u0103su\u021ba din Vale","article_publisher":"https:\/\/www.facebook.com\/profile.php?id=100085345475036","article_modified_time":"2022-11-11T11:18:11+00:00","og_image":[{"width":1024,"height":683,"url":"https:\/\/casutadinvale.ro\/wp-content\/uploads\/2022\/10\/861A7977-130-1024x683.jpg","type":"image\/jpeg"}],"twitter_card":"summary_large_image","twitter_misc":{"Estimated reading time":"1 minute"},"schema":{"@context":"https:\/\/schema.org","@graph":[{"@type":"WebPage","@id":"https:\/\/casutadinvale.ro\/contact\/","url":"https:\/\/casutadinvale.ro\/contact\/","name":"Contact - C\u0103su\u021ba din Vale","isPartOf":{"@id":"https:\/\/casutadinvale.ro\/#website"},"primaryImageOfPage":{"@id":"https:\/\/casutadinvale.ro\/contact\/#primaryimage"},"image":{"@id":"https:\/\/casutadinvale.ro\/contact\/#primaryimage"},"thumbnailUrl":"https:\/\/casutadinvale.ro\/wp-content\/uploads\/2022\/10\/861A7977-130.jpg","datePublished":"2019-05-25T03:43:03+00:00","dateModified":"2022-11-11T11:18:11+00:00","description":"Ia leg\u0103tura cu noi pentru o cazare deosebit\u0103 \u00eentr-un ora\u0219 deosebit - date de contact C\u0103su\u021ba din Vale - Oradea.","breadcrumb":{"@id":"https:\/\/casutadinvale.ro\/contact\/#breadcrumb"},"inLanguage":"en-GB","potentialAction":[{"@type":"ReadAction","target":["https:\/\/casutadinvale.ro\/contact\/"]}]},{"@type":"ImageObject","inLanguage":"en-GB","@id":"https:\/\/casutadinvale.ro\/contact\/#primaryimage","url":"https:\/\/casutadinvale.ro\/wp-content\/uploads\/2022\/10\/861A7977-130.jpg","contentUrl":"https:\/\/casutadinvale.ro\/wp-content\/uploads\/2022\/10\/861A7977-130.jpg","width":2121,"height":1414},{"@type":"BreadcrumbList","@id":"https:\/\/casutadinvale.ro\/contact\/#breadcrumb","itemListElement":[{"@type":"ListItem","position":1,"name":"Home","item":"https:\/\/casutadinvale.ro\/"},{"@type":"ListItem","position":2,"name":"Contact"}]},{"@type":"WebSite","@id":"https:\/\/casutadinvale.ro\/#website","url":"https:\/\/casutadinvale.ro\/","name":"C\u0103su\u021ba din Vale - Cazare Oradea","description":"","publisher":{"@id":"https:\/\/casutadinvale.ro\/#organization"},"alternateName":"C\u0103su\u021ba din Vale","potentialAction":[{"@type":"SearchAction","target":{"@type":"EntryPoint","urlTemplate":"https:\/\/casutadinvale.ro\/?s={search_term_string}"},"query-input":{"@type":"PropertyValueSpecification","valueRequired":true,"valueName":"search_term_string"}}],"inLanguage":"en-GB"},{"@type":"Organization","@id":"https:\/\/casutadinvale.ro\/#organization","name":"C\u0103su\u021ba din Vale - Cazare Oradea","alternateName":"C\u0103su\u021ba din Vale","url":"https:\/\/casutadinvale.ro\/","logo":{"@type":"ImageObject","inLanguage":"en-GB","@id":"https:\/\/casutadinvale.ro\/#\/schema\/logo\/image\/","url":"https:\/\/casutadinvale.ro\/wp-content\/uploads\/2022\/09\/cropped-CDV_icon_color.png","contentUrl":"https:\/\/casutadinvale.ro\/wp-content\/uploads\/2022\/09\/cropped-CDV_icon_color.png","width":2142,"height":1227,"caption":"C\u0103su\u021ba din Vale - Cazare Oradea"},"image":{"@id":"https:\/\/casutadinvale.ro\/#\/schema\/logo\/image\/"},"sameAs":["https:\/\/www.facebook.com\/profile.php?id=100085345475036"]}]}},"_links":{"self":[{"href":"http:\/\/casutadinvale.ro\/en\/wp-json\/wp\/v2\/pages\/4067","targetHints":{"allow":["GET"]}}],"collection":[{"href":"http:\/\/casutadinvale.ro\/en\/wp-json\/wp\/v2\/pages"}],"about":[{"href":"http:\/\/casutadinvale.ro\/en\/wp-json\/wp\/v2\/types\/page"}],"author":[{"embeddable":true,"href":"http:\/\/casutadinvale.ro\/en\/wp-json\/wp\/v2\/users\/1"}],"replies":[{"embeddable":true,"href":"http:\/\/casutadinvale.ro\/en\/wp-json\/wp\/v2\/comments?post=4067"}],"version-history":[{"count":53,"href":"http:\/\/casutadinvale.ro\/en\/wp-json\/wp\/v2\/pages\/4067\/revisions"}],"predecessor-version":[{"id":5210,"href":"http:\/\/casutadinvale.ro\/en\/wp-json\/wp\/v2\/pages\/4067\/revisions\/5210"}],"wp:featuredmedia":[{"embeddable":true,"href":"http:\/\/casutadinvale.ro\/en\/wp-json\/wp\/v2\/media\/4905"}],"wp:attachment":[{"href":"http:\/\/casutadinvale.ro\/en\/wp-json\/wp\/v2\/media?parent=4067"}],"curies":[{"name":"wp","href":"https:\/\/api.w.org\/{rel}","templated":true}]}}